{"id":10063,"date":"2026-02-16T20:34:08","date_gmt":"2026-02-16T20:34:08","guid":{"rendered":"https:\/\/billboard.com.do\/?page_id=10063"},"modified":"2026-03-06T21:05:35","modified_gmt":"2026-03-06T21:05:35","slug":"terminos-y-condiciones","status":"publish","type":"page","link":"https:\/\/billboard.com.do\/index.php\/terminos-y-condiciones\/","title":{"rendered":"T\u00e9rminos y condiciones"},"content":{"rendered":"\t\t<div data-elementor-type=\"wp-page\" data-elementor-id=\"10063\" class=\"elementor elementor-10063\" data-elementor-post-type=\"page\">\n\t\t\t\t<div class=\"elementor-element elementor-element-206f8ce e-flex e-con-boxed e-con e-parent\" data-id=\"206f8ce\" data-element_type=\"container\" data-e-type=\"container\">\n\t\t\t\t\t<div class=\"e-con-inner\">\n\t\t<div class=\"elementor-element elementor-element-f306f0a e-con-full e-flex e-con e-child\" data-id=\"f306f0a\" data-element_type=\"container\" data-e-type=\"container\" data-settings=\"{&quot;background_background&quot;:&quot;classic&quot;,&quot;position&quot;:&quot;absolute&quot;,&quot;sticky&quot;:&quot;top&quot;,&quot;sticky_on&quot;:[&quot;desktop&quot;,&quot;tablet_extra&quot;,&quot;tablet&quot;,&quot;mobile_extra&quot;,&quot;mobile&quot;],&quot;sticky_offset&quot;:0,&quot;sticky_effects_offset&quot;:0,&quot;sticky_anchor_link_offset&quot;:0}\">\n\t\t\t\t<div class=\"elementor-element elementor-element-e89209a elementor-widget elementor-widget-progress-tracker\" data-id=\"e89209a\" data-element_type=\"widget\" data-e-type=\"widget\" data-settings=\"{&quot;type&quot;:&quot;horizontal&quot;,&quot;relative_to&quot;:&quot;entire_page&quot;,&quot;percentage&quot;:&quot;no&quot;}\" data-widget_type=\"progress-tracker.default\">\n\t\t\t\t\t\n\t\t<div class=\"elementor-scrolling-tracker elementor-scrolling-tracker-horizontal elementor-scrolling-tracker-alignment-\">\n\t\t\t\t\t\t<div class=\"current-progress\">\n\t\t\t\t\t<div class=\"current-progress-percentage\"><\/div>\n\t\t\t\t<\/div>\n\t\t\t\t<\/div>\n\t\t\t\t\t\t<\/div>\n\t\t<div class=\"elementor-element elementor-element-d9183bc e-grid e-con-full e-con e-child\" data-id=\"d9183bc\" data-element_type=\"container\" data-e-type=\"container\" data-settings=\"{&quot;background_background&quot;:&quot;classic&quot;}\">\n\t\t\t\t<div class=\"elementor-element elementor-element-f9722e1 elementor-widget-mobile_extra__width-initial elementor-widget-mobile__width-initial elementor-widget elementor-widget-image\" data-id=\"f9722e1\" data-element_type=\"widget\" data-e-type=\"widget\" data-widget_type=\"image.default\">\n\t\t\t\t\t\t\t\t\t\t\t\t\t\t\t<img decoding=\"async\" width=\"300\" height=\"67\" src=\"https:\/\/billboard.com.do\/wp-content\/uploads\/2022\/03\/AF_Billboard-Tradicional_LOGO-02-1-e1768859192161-300x67.png\" class=\"attachment-medium size-medium wp-image-9505\" alt=\"\" srcset=\"https:\/\/billboard.com.do\/wp-content\/uploads\/2022\/03\/AF_Billboard-Tradicional_LOGO-02-1-e1768859192161-300x67.png 300w, https:\/\/billboard.com.do\/wp-content\/uploads\/2022\/03\/AF_Billboard-Tradicional_LOGO-02-1-e1768859192161-1024x229.png 1024w, https:\/\/billboard.com.do\/wp-content\/uploads\/2022\/03\/AF_Billboard-Tradicional_LOGO-02-1-e1768859192161-1536x344.png 1536w, https:\/\/billboard.com.do\/wp-content\/uploads\/2022\/03\/AF_Billboard-Tradicional_LOGO-02-1-e1768859192161-2048x458.png 2048w, https:\/\/billboard.com.do\/wp-content\/uploads\/2022\/03\/AF_Billboard-Tradicional_LOGO-02-1-e1768859192161-768x172.png 768w\" sizes=\"(max-width: 300px) 100vw, 300px\" \/>\t\t\t\t\t\t\t\t\t\t\t\t\t\t\t<\/div>\n\t\t\t\t<div class=\"elementor-element elementor-element-4901b25 elementor-view-default elementor-widget elementor-widget-icon\" data-id=\"4901b25\" data-element_type=\"widget\" data-e-type=\"widget\" data-widget_type=\"icon.default\">\n\t\t\t\t\t\t\t<div class=\"elementor-icon-wrapper\">\n\t\t\t<a class=\"elementor-icon\" href=\"#top\">\n\t\t\t<i aria-hidden=\"true\" class=\"lqd-icn-ess icon-ion-ios-arrow-up\"><\/i>\t\t\t<\/a>\n\t\t<\/div>\n\t\t\t\t\t\t<\/div>\n\t\t\t\t<\/div>\n\t\t\t\t<\/div>\n\t\t\t\t\t<\/div>\n\t\t\t\t<\/div>\n\t\t<div class=\"elementor-element elementor-element-15a03c0 e-flex e-con-boxed e-con e-parent\" data-id=\"15a03c0\" data-element_type=\"container\" data-e-type=\"container\" data-settings=\"{&quot;background_background&quot;:&quot;classic&quot;}\">\n\t\t\t\t\t<div class=\"e-con-inner\">\n\t\t\t\t<div class=\"elementor-element elementor-element-817ff75 elementor-widget-tablet_extra__width-inherit elementor-widget elementor-widget-hub_fancy_heading\" data-id=\"817ff75\" data-element_type=\"widget\" data-e-type=\"widget\" data-widget_type=\"hub_fancy_heading.default\">\n\t\t\t\t<div class=\"elementor-widget-container\">\n\t\t\t\t\t\n\t\t<div id=\"ld-fancy-heading-69e8d9233e9da\" class=\"ld-fancy-heading pos-rel\">\n\t\t\t<h1 class=\"ld-fh-element d-inline-block pos-rel  elementor-heading-title lqd-highlight-classic lqd-highlight-grow-left h1\"  > T\u00e9rminos y condiciones<\/h1>\t\t<\/div>\n\n\t\t\t\t\t\t<\/div>\n\t\t\t\t<\/div>\n\t\t\t\t<div class=\"elementor-element elementor-element-7003430 elementor-widget-mobile__width-inherit elementor-widget-divider--view-line elementor-widget elementor-widget-divider\" data-id=\"7003430\" data-element_type=\"widget\" data-e-type=\"widget\" data-widget_type=\"divider.default\">\n\t\t\t\t\t\t\t<div class=\"elementor-divider\">\n\t\t\t<span class=\"elementor-divider-separator\">\n\t\t\t\t\t\t<\/span>\n\t\t<\/div>\n\t\t\t\t\t\t<\/div>\n\t\t\t\t\t<\/div>\n\t\t\t\t<\/div>\n\t\t<div class=\"elementor-element elementor-element-df3a5b5 e-flex e-con-boxed e-con e-parent\" data-id=\"df3a5b5\" data-element_type=\"container\" data-e-type=\"container\">\n\t\t\t\t\t<div class=\"e-con-inner\">\n\t\t<div class=\"elementor-element elementor-element-4385409 e-con-full elementor-hidden-mobile e-flex e-con e-child\" data-id=\"4385409\" data-element_type=\"container\" data-e-type=\"container\" data-settings=\"{&quot;sticky&quot;:&quot;top&quot;,&quot;sticky_offset&quot;:118,&quot;sticky_on&quot;:[&quot;desktop&quot;,&quot;tablet_extra&quot;,&quot;tablet&quot;,&quot;mobile_extra&quot;,&quot;mobile&quot;],&quot;sticky_effects_offset&quot;:0,&quot;sticky_anchor_link_offset&quot;:0}\">\n\t\t\t\t<div class=\"elementor-element elementor-element-470e46c elementor-widget-mobile_extra__width-initial elementor-widget elementor-widget-hub_fancy_heading\" data-id=\"470e46c\" data-element_type=\"widget\" data-e-type=\"widget\" data-widget_type=\"hub_fancy_heading.default\">\n\t\t\t\t<div class=\"elementor-widget-container\">\n\t\t\t\t\t\n\t\t<div id=\"ld-fancy-heading-69e8d9233f39f\" class=\"ld-fancy-heading pos-rel\">\n\t\t\t<h6 class=\"ld-fh-element d-inline-block pos-rel  elementor-heading-title lqd-highlight-classic lqd-highlight-grow-left h6\"  > BILLBOARD digital MEdia<\/h6>\t\t<\/div>\n\n\t\t\t\t\t\t<\/div>\n\t\t\t\t<\/div>\n\t\t\t\t<div class=\"elementor-element elementor-element-b669ee3 elementor-icon-list--layout-traditional elementor-list-item-link-full_width elementor-widget elementor-widget-icon-list\" data-id=\"b669ee3\" data-element_type=\"widget\" data-e-type=\"widget\" data-widget_type=\"icon-list.default\">\n\t\t\t\t\t\t\t<ul class=\"elementor-icon-list-items\">\n\t\t\t\t\t\t\t<li class=\"elementor-icon-list-item\">\n\t\t\t\t\t\t\t\t\t\t\t<a href=\"#uso\">\n\n\t\t\t\t\t\t\t\t\t\t\t<span class=\"elementor-icon-list-text\">1. Uso del sitio web<\/span>\n\t\t\t\t\t\t\t\t\t\t\t<\/a>\n\t\t\t\t\t\t\t\t\t<\/li>\n\t\t\t\t\t\t\t\t<li class=\"elementor-icon-list-item\">\n\t\t\t\t\t\t\t\t\t\t\t<a href=\"#propiedad\">\n\n\t\t\t\t\t\t\t\t\t\t\t<span class=\"elementor-icon-list-text\">2. Propiedad intelectual<\/span>\n\t\t\t\t\t\t\t\t\t\t\t<\/a>\n\t\t\t\t\t\t\t\t\t<\/li>\n\t\t\t\t\t\t\t\t<li class=\"elementor-icon-list-item\">\n\t\t\t\t\t\t\t\t\t\t\t<a href=\"#informacion\">\n\n\t\t\t\t\t\t\t\t\t\t\t<span class=\"elementor-icon-list-text\">3. Informaci\u00f3n proporcionada por el usuario<\/span>\n\t\t\t\t\t\t\t\t\t\t\t<\/a>\n\t\t\t\t\t\t\t\t\t<\/li>\n\t\t\t\t\t\t\t\t<li class=\"elementor-icon-list-item\">\n\t\t\t\t\t\t\t\t\t\t\t<a href=\"#limitacion\">\n\n\t\t\t\t\t\t\t\t\t\t\t<span class=\"elementor-icon-list-text\">4. Limitaci\u00f3n de responsabilidad<\/span>\n\t\t\t\t\t\t\t\t\t\t\t<\/a>\n\t\t\t\t\t\t\t\t\t<\/li>\n\t\t\t\t\t\t\t\t<li class=\"elementor-icon-list-item\">\n\t\t\t\t\t\t\t\t\t\t\t<a href=\"#enlaces\">\n\n\t\t\t\t\t\t\t\t\t\t\t<span class=\"elementor-icon-list-text\">5. Enlaces a terceros<\/span>\n\t\t\t\t\t\t\t\t\t\t\t<\/a>\n\t\t\t\t\t\t\t\t\t<\/li>\n\t\t\t\t\t\t\t\t<li class=\"elementor-icon-list-item\">\n\t\t\t\t\t\t\t\t\t\t\t<a href=\"#modificaciones\">\n\n\t\t\t\t\t\t\t\t\t\t\t<span class=\"elementor-icon-list-text\">6. Modificaciones<\/span>\n\t\t\t\t\t\t\t\t\t\t\t<\/a>\n\t\t\t\t\t\t\t\t\t<\/li>\n\t\t\t\t\t\t<\/ul>\n\t\t\t\t\t\t<\/div>\n\t\t\t\t<\/div>\n\t\t<div class=\"elementor-element elementor-element-43dd3d4 e-con-full e-flex e-con e-child\" data-id=\"43dd3d4\" data-element_type=\"container\" data-e-type=\"container\">\n\t\t\t\t<div class=\"elementor-element elementor-element-0c04bdf anchor-offset elementor-widget-tablet_extra__width-inherit elementor-widget elementor-widget-hub_fancy_heading\" data-id=\"0c04bdf\" data-element_type=\"widget\" data-e-type=\"widget\" id=\"uso\" data-widget_type=\"hub_fancy_heading.default\">\n\t\t\t\t<div class=\"elementor-widget-container\">\n\t\t\t\t\t\n\t\t<div id=\"ld-fancy-heading-69e8d9233fc37\" class=\"ld-fancy-heading pos-rel\">\n\t\t\t<p class=\"ld-fh-element d-inline-block pos-rel  lqd-highlight-classic lqd-highlight-grow-left p\"  > <span class=\"lqd-adv-txt-item elementor-repeater-item-5104b41\">Billboard Digital Media <br><\/span><span class=\"lqd-adv-txt-item elementor-repeater-item-85ab98f\">El acceso y uso del sitio web de Billboard Digital Media implica la aceptaci\u00f3n plena de los presentes T\u00e9rminos y Condiciones. Si el usuario no est\u00e1 de acuerdo con alguno de ellos, deber\u00e1 abstenerse de utilizar este sitio. <br><br><\/span><span class=\"lqd-adv-txt-item elementor-repeater-item-0365425\">1. Uso del sitio web <br><\/span><span class=\"lqd-adv-txt-item elementor-repeater-item-c7c1d6f\">El contenido de este sitio tiene fines informativos y comerciales relacionados con los servicios de publicidad exterior ofrecidos por Billboard Digital Media. El usuario se compromete a utilizar el sitio de manera adecuada, conforme a la ley y a los presentes t\u00e9rminos.<br><br><\/span><\/p>\t\t<\/div>\n\n\t\t\t\t\t\t<\/div>\n\t\t\t\t<\/div>\n\t\t\t\t<div class=\"elementor-element elementor-element-73cf97e anchor-offset elementor-widget elementor-widget-hub_fancy_heading\" data-id=\"73cf97e\" data-element_type=\"widget\" data-e-type=\"widget\" id=\"propiedad\" data-widget_type=\"hub_fancy_heading.default\">\n\t\t\t\t<div class=\"elementor-widget-container\">\n\t\t\t\t\t\n\t\t<div id=\"ld-fancy-heading-69e8d923404fc\" class=\"ld-fancy-heading pos-rel\">\n\t\t\t<p class=\"ld-fh-element d-inline-block pos-rel  lqd-highlight-classic lqd-highlight-grow-left p\"  > <span class=\"lqd-adv-txt-item elementor-repeater-item-e5185d3\">2. Propiedad intelectual <br><\/span><span class=\"lqd-adv-txt-item elementor-repeater-item-3f86b1e\">Todos los contenidos del sitio web, incluyendo textos, im\u00e1genes, logotipos, dise\u00f1os, renders, fotograf\u00edas, videos, material gr\u00e1fico y cualquier otro elemento visual o digital, son propiedad de Billboard Digital Media o de terceros autorizados. Est\u00e1 prohibida su reproducci\u00f3n, distribuci\u00f3n o utilizaci\u00f3n sin autorizaci\u00f3n previa y por escrito.<br><br><\/span><\/p>\t\t<\/div>\n\n\t\t\t\t\t\t<\/div>\n\t\t\t\t<\/div>\n\t\t\t\t<div class=\"elementor-element elementor-element-4dadc0d anchor-offset elementor-widget elementor-widget-hub_fancy_heading\" data-id=\"4dadc0d\" data-element_type=\"widget\" data-e-type=\"widget\" id=\"informacion\" data-widget_type=\"hub_fancy_heading.default\">\n\t\t\t\t<div class=\"elementor-widget-container\">\n\t\t\t\t\t\n\t\t<div id=\"ld-fancy-heading-69e8d92340d28\" class=\"ld-fancy-heading pos-rel\">\n\t\t\t<p class=\"ld-fh-element d-inline-block pos-rel  lqd-highlight-classic lqd-highlight-grow-left p\"  > <span class=\"lqd-adv-txt-item elementor-repeater-item-62b983f\">3. Informaci\u00f3n proporcionada por el usuario <br><\/span><span class=\"lqd-adv-txt-item elementor-repeater-item-a68530f\">El usuario garantiza que la informaci\u00f3n suministrada a trav\u00e9s del sitio web es veraz, completa y actualizada. Billboard Digital Media no ser\u00e1 responsable por da\u00f1os derivados de informaci\u00f3n incorrecta proporcionada por el usuario.<br><br><\/span><\/p>\t\t<\/div>\n\n\t\t\t\t\t\t<\/div>\n\t\t\t\t<\/div>\n\t\t\t\t<div class=\"elementor-element elementor-element-fc34904 anchor-offset elementor-widget elementor-widget-hub_fancy_heading\" data-id=\"fc34904\" data-element_type=\"widget\" data-e-type=\"widget\" id=\"limitacion\" data-widget_type=\"hub_fancy_heading.default\">\n\t\t\t\t<div class=\"elementor-widget-container\">\n\t\t\t\t\t\n\t\t<div id=\"ld-fancy-heading-69e8d9234156b\" class=\"ld-fancy-heading pos-rel\">\n\t\t\t<p class=\"ld-fh-element d-inline-block pos-rel  ld-gradient-heading lqd-highlight-classic lqd-highlight-grow-left p\"  > <span class=\"lqd-adv-txt-item elementor-repeater-item-12d3165\">4. Limitaci\u00f3n de responsabilidad<br><\/span><span class=\"lqd-adv-txt-item elementor-repeater-item-d4ba7f3\">Billboard Digital Media no garantiza que el sitio web funcione sin interrupciones o errores. No ser\u00e1 responsable por da\u00f1os directos o indirectos derivados del uso del sitio o de la imposibilidad de acceder al mismo.<br><br><\/span><\/p>\t\t<\/div>\n\n\t\t\t\t\t\t<\/div>\n\t\t\t\t<\/div>\n\t\t\t\t<div class=\"elementor-element elementor-element-ce924b4 anchor-offset elementor-widget elementor-widget-hub_fancy_heading\" data-id=\"ce924b4\" data-element_type=\"widget\" data-e-type=\"widget\" id=\"enlaces\" data-widget_type=\"hub_fancy_heading.default\">\n\t\t\t\t<div class=\"elementor-widget-container\">\n\t\t\t\t\t\n\t\t<div id=\"ld-fancy-heading-69e8d92341d8b\" class=\"ld-fancy-heading pos-rel\">\n\t\t\t<p class=\"ld-fh-element d-inline-block pos-rel  lqd-highlight-classic lqd-highlight-grow-left p\"  > <span class=\"lqd-adv-txt-item elementor-repeater-item-d68d360\">5. Enlaces a terceros <br><\/span><span class=\"lqd-adv-txt-item elementor-repeater-item-fe8449c\">Este sitio puede contener enlaces a p\u00e1ginas web de terceros. Billboard Digital Media no asume responsabilidad por el contenido o las pr\u00e1cticas de dichos sitios externos.<br><br><\/span><\/p>\t\t<\/div>\n\n\t\t\t\t\t\t<\/div>\n\t\t\t\t<\/div>\n\t\t\t\t<div class=\"elementor-element elementor-element-d68d215 anchor-offset elementor-widget elementor-widget-hub_fancy_heading\" data-id=\"d68d215\" data-element_type=\"widget\" data-e-type=\"widget\" id=\"modifiaciones\" data-widget_type=\"hub_fancy_heading.default\">\n\t\t\t\t<div class=\"elementor-widget-container\">\n\t\t\t\t\t\n\t\t<div id=\"ld-fancy-heading-69e8d923425b1\" class=\"ld-fancy-heading pos-rel\">\n\t\t\t<p class=\"ld-fh-element d-inline-block pos-rel  lqd-highlight-classic lqd-highlight-grow-left p\"  > <span class=\"lqd-adv-txt-item elementor-repeater-item-fc2d9eb\">6. Modificaciones <br><\/span><span class=\"lqd-adv-txt-item elementor-repeater-item-8d1cced\">Billboard Digital Media se reserva el derecho de modificar estos T\u00e9rminos y Condiciones en cualquier momento. Las modificaciones entrar\u00e1n en vigor desde su publicaci\u00f3n en el sitio web.<br><br><\/span><\/p>\t\t<\/div>\n\n\t\t\t\t\t\t<\/div>\n\t\t\t\t<\/div>\n\t\t\t\t<\/div>\n\t\t\t\t\t<\/div>\n\t\t\t\t<\/div>\n\t\t\t\t<\/div>\n\t\t","protected":false},"excerpt":{"rendered":"<p>T\u00e9rminos y condiciones BILLBOARD digital MEdia 1. Uso del sitio web 2. Propiedad intelectual 3. Informaci\u00f3n proporcionada por el usuario 4. Limitaci\u00f3n de responsabilidad 5. Enlaces a terceros 6. Modificaciones Billboard Digital Media El acceso y uso del sitio web de Billboard Digital Media implica la aceptaci\u00f3n plena de los presentes T\u00e9rminos y Condiciones. Si [&hellip;]<\/p>\n","protected":false},"author":2,"featured_media":0,"parent":0,"menu_order":0,"comment_status":"closed","ping_status":"closed","template":"","meta":{"footnotes":""},"class_list":["post-10063","page","type-page","status-publish","hentry"],"_links":{"self":[{"href":"https:\/\/billboard.com.do\/index.php\/wp-json\/wp\/v2\/pages\/10063","targetHints":{"allow":["GET"]}}],"collection":[{"href":"https:\/\/billboard.com.do\/index.php\/wp-json\/wp\/v2\/pages"}],"about":[{"href":"https:\/\/billboard.com.do\/index.php\/wp-json\/wp\/v2\/types\/page"}],"author":[{"embeddable":true,"href":"https:\/\/billboard.com.do\/index.php\/wp-json\/wp\/v2\/users\/2"}],"replies":[{"embeddable":true,"href":"https:\/\/billboard.com.do\/index.php\/wp-json\/wp\/v2\/comments?post=10063"}],"version-history":[{"count":56,"href":"https:\/\/billboard.com.do\/index.php\/wp-json\/wp\/v2\/pages\/10063\/revisions"}],"predecessor-version":[{"id":10313,"href":"https:\/\/billboard.com.do\/index.php\/wp-json\/wp\/v2\/pages\/10063\/revisions\/10313"}],"wp:attachment":[{"href":"https:\/\/billboard.com.do\/index.php\/wp-json\/wp\/v2\/media?parent=10063"}],"curies":[{"name":"wp","href":"https:\/\/api.w.org\/{rel}","templated":true}]}}